{"id":12583,"date":"2024-12-26T17:48:16","date_gmt":"2024-12-26T16:48:16","guid":{"rendered":"https:\/\/www.stratexio.net\/news\/"},"modified":"2025-01-30T15:52:49","modified_gmt":"2025-01-30T14:52:49","slug":"news","status":"publish","type":"page","link":"https:\/\/www.stratexio.net\/en\/news\/","title":{"rendered":"News"},"content":{"rendered":"\t\t<div data-elementor-type=\"wp-page\" data-elementor-id=\"12583\" class=\"elementor elementor-12583 elementor-9275\">\n\t\t\t\t\t\t<section class=\"elementor-section elementor-top-section elementor-element elementor-element-441e30c2 elementor-section-boxed elementor-section-height-default elementor-section-height-default exad-glass-effect-no wpr-particle-no wpr-jarallax-no wpr-parallax-no wpr-sticky-section-no jltma-glass-effect-no wpr-equal-height-no exad-sticky-section-no\" data-id=\"441e30c2\" data-element_type=\"section\" data-e-type=\"section\" data-settings=\"{&quot;background_background&quot;:&quot;classic&quot;}\">\n\t\t\t\t\t\t\t<div class=\"elementor-background-overlay\"><\/div>\n\t\t\t\t\t\t\t<div class=\"elementor-container elementor-column-gap-default\">\n\t\t\t\t\t<div class=\"elementor-column elementor-col-100 elementor-top-column elementor-element elementor-element-6745739 exad-glass-effect-no jltma-glass-effect-no exad-sticky-section-no\" data-id=\"6745739\" data-element_type=\"column\" data-e-type=\"column\">\n\t\t\t<div class=\"elementor-widget-wrap elementor-element-populated\">\n\t\t\t\t\t\t<section class=\"elementor-section elementor-inner-section elementor-element elementor-element-52dfcb24 elementor-section-boxed elementor-section-height-default elementor-section-height-default exad-glass-effect-no wpr-particle-no wpr-jarallax-no wpr-parallax-no wpr-sticky-section-no jltma-glass-effect-no wpr-equal-height-no exad-sticky-section-no\" data-id=\"52dfcb24\" data-element_type=\"section\" data-e-type=\"section\">\n\t\t\t\t\t\t<div class=\"elementor-container elementor-column-gap-default\">\n\t\t\t\t\t<div class=\"elementor-column elementor-col-100 elementor-inner-column elementor-element elementor-element-9a4f356 exad-glass-effect-no jltma-glass-effect-no exad-sticky-section-no\" data-id=\"9a4f356\" data-element_type=\"column\" data-e-type=\"column\">\n\t\t\t<div class=\"elementor-widget-wrap elementor-element-populated\">\n\t\t\t\t\t\t<div class=\"elementor-element elementor-element-204f3be9 jltma-glass-effect-no exad-sticky-section-no exad-glass-effect-no elementor-widget elementor-widget-elementskit-heading\" data-id=\"204f3be9\" data-element_type=\"widget\" data-e-type=\"widget\" data-widget_type=\"elementskit-heading.default\">\n\t\t\t\t<div class=\"elementor-widget-container\">\n\t\t\t\t\t<div class=\"ekit-wid-con\" ><div class=\"ekit-heading elementskit-section-title-wraper text_center   ekit_heading_tablet-   ekit_heading_mobile-\"><h2 class=\"ekit-heading--title elementskit-section-title \">INTERNATIONAL TRADE NEWS<\/h2><\/div><\/div>\t\t\t\t<\/div>\n\t\t\t\t<\/div>\n\t\t\t\t\t<\/div>\n\t\t<\/div>\n\t\t\t\t\t<\/div>\n\t\t<\/section>\n\t\t\t\t\t<\/div>\n\t\t<\/div>\n\t\t\t\t\t<\/div>\n\t\t<\/section>\n\t\t<div class=\"elementor-element elementor-element-4b5067d e-flex e-con-boxed jltma-glass-effect-no wpr-particle-no wpr-jarallax-no wpr-parallax-no wpr-sticky-section-no wpr-equal-height-no e-con e-parent\" data-id=\"4b5067d\" data-element_type=\"container\" data-e-type=\"container\">\n\t\t\t\t\t<div class=\"e-con-inner\">\n\t\t\t\t<div class=\"elementor-element elementor-element-124e474 wpr-item-styles-wrapper wpr-grid-columns-3 wpr-grid-columns--tablet2 wpr-grid-columns--mobile1 wpr-grid-pagination-center jltma-glass-effect-no exad-sticky-section-no exad-glass-effect-no elementor-widget elementor-widget-wpr-grid\" data-id=\"124e474\" data-element_type=\"widget\" data-e-type=\"widget\" data-widget_type=\"wpr-grid.default\">\n\t\t\t\t<div class=\"elementor-widget-container\">\n\t\t\t\t\t<h2>No Posts Found!<\/h2>\t\t\t\t<\/div>\n\t\t\t\t<\/div>\n\t\t\t\t\t<\/div>\n\t\t\t\t<\/div>\n\t\t\t\t<\/div>\n\t\t","protected":false},"excerpt":{"rendered":"<p>INTERNATIONAL TRADE NEWS All Posts Actus clubs Actus consortium Actus entreprises Actus stratexio Non classifi\u00e9(e) Actus stratexio \u2728 V\u0152UX MEDEF 2025 | Une soir\u00e9e exceptionnelle au Petit Palais avec le Mouvement des Entreprises de France ! Date :17 janvier 2025 Actus stratexio Journ\u00e9e des Experts Stratexio \u2728 Date :17 janvier 2025 Actus stratexio \ud83c\udfc6 Palmar\u00e8s du MOCI 2024 : Stratexio remet le prix Start Up \u00e0 YUMGO \ud83c\udf1f Date :17 janvier 2025 Actus stratexio \ud83c\udf89 EXCELLENTE NOUVELLE ! \ud83c\udf89 Date :17 janvier 2025 Actus consortium LANCEMENT DU CONSORTIUM EXPORT FOURNITURES INDUSTRIELLES ! Date :17 janvier 2025 Actus consortium Une journ\u00e9e inspirante sous le signe des CONSORTIUMS EXPORT ! Date :17 janvier 2025 Non classifi\u00e9(e) PRESSE &#8211; CLASSE EXPORT | Trois cl\u00e9s pour acc\u00e9l\u00e9rer le d\u00e9veloppement international de votre entreprise ! Date :17 janvier 2025 Actus consortium \ud83d\udea8 CONSORTIUM EXPORT | Retour en image sur le salon EquipHotel Paris ! Date :17 janvier 2025 Actus consortium \ud83d\udce6 FRENCH POSTAL SUPPLIERS ALLIANCE | Les membres du consortium participent \u00e0 Parcel+Post Expo 2024 \u00e0 Amsterdam ! Date :17 janvier 2025 Non classifi\u00e9(e) \ud83d\uddde\ufe0f PRESSE &#8211; CLASSE EXPORT | Cinq conseils pour \u00e9viter les pi\u00e8ges et r\u00e9ussir son implantation \u00e0 l\u2019\u00e9tranger ! \ud83d\udca1 Date :17 janvier 2025 Actus stratexio #BIG10 &#8211; Stratexio \u00e9tait pr\u00e9sent au plus grand rassemblement business d&rsquo;Europe ! \ud83d\udca5 Date :17 janvier 2025 Actus consortium ACTUS CONSORTIUM 1 : Salon SIM 2024 \u00e0 Dijon Date :17 janvier 2025 Actus stratexio \ud83d\udccd\u00c9V\u00c9NEMENT EXPORT | Colloque CCE Paris 2024 Date :17 janvier 2025 Non classifi\u00e9(e) COMMUNIQU\u00c9 DE PRESSE : Lancement de la French Postal Suppliers Alliance Date :10 juillet 2024 Actus stratexio BRETAGNE &#8211; OPEN DE L&rsquo;INTERNATIONAL | La journ\u00e9e des entreprises bretonnes qui osent le monde ! Date :3 juillet 2024 See more No more artice.<\/p>\n","protected":false},"author":1,"featured_media":12427,"parent":0,"menu_order":0,"comment_status":"closed","ping_status":"closed","template":"","meta":{"site-sidebar-layout":"no-sidebar","site-content-layout":"","ast-site-content-layout":"full-width-container","site-content-style":"default","site-sidebar-style":"default","ast-global-header-display":"","ast-banner-title-visibility":"","ast-main-header-display":"","ast-hfb-above-header-display":"","ast-hfb-below-header-display":"","ast-hfb-mobile-header-display":"","site-post-title":"disabled","ast-breadcrumbs-content":"","ast-featured-img":"disabled","footer-sml-layout":"","ast-disable-related-posts":"","theme-transparent-header-meta":"","adv-header-id-meta":"","stick-header-meta":"","header-above-stick-meta":"","header-main-stick-meta":"","header-below-stick-meta":"","astra-migrate-meta-layouts":"default","ast-page-background-enabled":"default","ast-page-background-meta":{"desktop":{"background-color":"var(--ast-global-color-4)","background-image":"","background-repeat":"repeat","background-position":"center center","background-size":"auto","background-attachment":"scroll","background-type":"","background-media":"","overlay-type":"","overlay-color":"","overlay-opacity":"","overlay-gradient":""},"tablet":{"background-color":"","background-image":"","background-repeat":"repeat","background-position":"center center","background-size":"auto","background-attachment":"scroll","background-type":"","background-media":"","overlay-type":"","overlay-color":"","overlay-opacity":"","overlay-gradient":""},"mobile":{"background-color":"","background-image":"","background-repeat":"repeat","background-position":"center center","background-size":"auto","background-attachment":"scroll","background-type":"","background-media":"","overlay-type":"","overlay-color":"","overlay-opacity":"","overlay-gradient":""}},"ast-content-background-meta":{"desktop":{"background-color":"var(--ast-global-color-5)","background-image":"","background-repeat":"repeat","background-position":"center center","background-size":"auto","background-attachment":"scroll","background-type":"","background-media":"","overlay-type":"","overlay-color":"","overlay-opacity":"","overlay-gradient":""},"tablet":{"background-color":"var(--ast-global-color-5)","background-image":"","background-repeat":"repeat","background-position":"center center","background-size":"auto","background-attachment":"scroll","background-type":"","background-media":"","overlay-type":"","overlay-color":"","overlay-opacity":"","overlay-gradient":""},"mobile":{"background-color":"var(--ast-global-color-5)","background-image":"","background-repeat":"repeat","background-position":"center center","background-size":"auto","background-attachment":"scroll","background-type":"","background-media":"","overlay-type":"","overlay-color":"","overlay-opacity":"","overlay-gradient":""}},"footnotes":""},"class_list":["post-12583","page","type-page","status-publish","has-post-thumbnail","hentry"],"yoast_head":"<!-- This site is optimized with the Yoast SEO plugin v27.4 - https:\/\/yoast.com\/product\/yoast-seo-wordpress\/ -->\n<title>Accelerate your international development<\/title>\n<meta name=\"description\" content=\"Stratexio: accelerate your international development by sharing experience and building skills\" \/>\n<meta name=\"robots\" content=\"index, follow, max-snippet:-1, max-image-preview:large, max-video-preview:-1\" \/>\n<link rel=\"canonical\" href=\"https:\/\/www.stratexio.net\/en\/news\/\" \/>\n<meta property=\"og:locale\" content=\"en_US\" \/>\n<meta property=\"og:type\" content=\"article\" \/>\n<meta property=\"og:title\" content=\"Accelerate your international development\" \/>\n<meta property=\"og:description\" content=\"Stratexio: accelerate your international development by sharing experience and building skills\" \/>\n<meta property=\"og:url\" content=\"https:\/\/www.stratexio.net\/en\/news\/\" \/>\n<meta property=\"og:site_name\" content=\"Stratexio\" \/>\n<meta property=\"article:modified_time\" content=\"2025-01-30T14:52:49+00:00\" \/>\n<meta property=\"og:image\" content=\"https:\/\/www.stratexio.net\/wp-content\/uploads\/2023\/02\/1-stratexio-Export-International-Formation-2.webp\" \/>\n\t<meta property=\"og:image:width\" content=\"1261\" \/>\n\t<meta property=\"og:image:height\" content=\"512\" \/>\n\t<meta property=\"og:image:type\" content=\"image\/webp\" \/>\n<meta name=\"twitter:card\" content=\"summary_large_image\" \/>\n<meta name=\"twitter:site\" content=\"@stratexio_fr\" \/>\n<meta name=\"twitter:label1\" content=\"Est. reading time\" \/>\n\t<meta name=\"twitter:data1\" content=\"1 minute\" \/>\n<script type=\"application\/ld+json\" class=\"yoast-schema-graph\">{\"@context\":\"https:\\\/\\\/schema.org\",\"@graph\":[{\"@type\":\"WebPage\",\"@id\":\"https:\\\/\\\/www.stratexio.net\\\/en\\\/news\\\/\",\"url\":\"https:\\\/\\\/www.stratexio.net\\\/en\\\/news\\\/\",\"name\":\"Accelerate your international development\",\"isPartOf\":{\"@id\":\"https:\\\/\\\/www.stratexio.fr\\\/#website\"},\"primaryImageOfPage\":{\"@id\":\"https:\\\/\\\/www.stratexio.net\\\/en\\\/news\\\/#primaryimage\"},\"image\":{\"@id\":\"https:\\\/\\\/www.stratexio.net\\\/en\\\/news\\\/#primaryimage\"},\"thumbnailUrl\":\"https:\\\/\\\/www.stratexio.net\\\/wp-content\\\/uploads\\\/2024\\\/12\\\/11062b_e2b580dab01e420aa08572ba02916d7fmv2_d_5580_4160_s_4_2.webp\",\"datePublished\":\"2024-12-26T16:48:16+00:00\",\"dateModified\":\"2025-01-30T14:52:49+00:00\",\"description\":\"Stratexio: accelerate your international development by sharing experience and building skills\",\"breadcrumb\":{\"@id\":\"https:\\\/\\\/www.stratexio.net\\\/en\\\/news\\\/#breadcrumb\"},\"inLanguage\":\"en-US\",\"potentialAction\":[{\"@type\":\"ReadAction\",\"target\":[\"https:\\\/\\\/www.stratexio.net\\\/en\\\/news\\\/\"]}]},{\"@type\":\"ImageObject\",\"inLanguage\":\"en-US\",\"@id\":\"https:\\\/\\\/www.stratexio.net\\\/en\\\/news\\\/#primaryimage\",\"url\":\"https:\\\/\\\/www.stratexio.net\\\/wp-content\\\/uploads\\\/2024\\\/12\\\/11062b_e2b580dab01e420aa08572ba02916d7fmv2_d_5580_4160_s_4_2.webp\",\"contentUrl\":\"https:\\\/\\\/www.stratexio.net\\\/wp-content\\\/uploads\\\/2024\\\/12\\\/11062b_e2b580dab01e420aa08572ba02916d7fmv2_d_5580_4160_s_4_2.webp\",\"width\":980,\"height\":626,\"caption\":\"actualit\u00e9s du commerce international\"},{\"@type\":\"BreadcrumbList\",\"@id\":\"https:\\\/\\\/www.stratexio.net\\\/en\\\/news\\\/#breadcrumb\",\"itemListElement\":[{\"@type\":\"ListItem\",\"position\":1,\"name\":\"Accueil\",\"item\":\"https:\\\/\\\/www.stratexio.net\\\/en\\\/newhomepage\\\/\"},{\"@type\":\"ListItem\",\"position\":2,\"name\":\"News\"}]},{\"@type\":\"WebSite\",\"@id\":\"https:\\\/\\\/www.stratexio.fr\\\/#website\",\"url\":\"https:\\\/\\\/www.stratexio.fr\\\/\",\"name\":\"Stratexio\",\"description\":\"Programme d&#039;accompagnement strat\u00e9gique \u00e0 l&#039;international\",\"publisher\":{\"@id\":\"https:\\\/\\\/www.stratexio.fr\\\/#organization\"},\"potentialAction\":[{\"@type\":\"SearchAction\",\"target\":{\"@type\":\"EntryPoint\",\"urlTemplate\":\"https:\\\/\\\/www.stratexio.fr\\\/?s={search_term_string}\"},\"query-input\":{\"@type\":\"PropertyValueSpecification\",\"valueRequired\":true,\"valueName\":\"search_term_string\"}}],\"inLanguage\":\"en-US\"},{\"@type\":\"Organization\",\"@id\":\"https:\\\/\\\/www.stratexio.fr\\\/#organization\",\"name\":\"Stratexio\",\"url\":\"https:\\\/\\\/www.stratexio.fr\\\/\",\"logo\":{\"@type\":\"ImageObject\",\"inLanguage\":\"en-US\",\"@id\":\"https:\\\/\\\/www.stratexio.fr\\\/#\\\/schema\\\/logo\\\/image\\\/\",\"url\":\"https:\\\/\\\/www.stratexio.net\\\/wp-content\\\/uploads\\\/2020\\\/09\\\/logo-Stratexio-1.png\",\"contentUrl\":\"https:\\\/\\\/www.stratexio.net\\\/wp-content\\\/uploads\\\/2020\\\/09\\\/logo-Stratexio-1.png\",\"width\":5314,\"height\":1207,\"caption\":\"Stratexio\"},\"image\":{\"@id\":\"https:\\\/\\\/www.stratexio.fr\\\/#\\\/schema\\\/logo\\\/image\\\/\"},\"sameAs\":[\"https:\\\/\\\/x.com\\\/stratexio_fr\",\"https:\\\/\\\/www.linkedin.com\\\/company\\\/stratexio\\\/\",\"https:\\\/\\\/www.youtube.com\\\/channel\\\/UCsafJJDiwGkxYH2dag0FcVw\"]}]}<\/script>\n<!-- \/ Yoast SEO plugin. -->","yoast_head_json":{"title":"Accelerate your international development","description":"Stratexio: accelerate your international development by sharing experience and building skills","robots":{"index":"index","follow":"follow","max-snippet":"max-snippet:-1","max-image-preview":"max-image-preview:large","max-video-preview":"max-video-preview:-1"},"canonical":"https:\/\/www.stratexio.net\/en\/news\/","og_locale":"en_US","og_type":"article","og_title":"Accelerate your international development","og_description":"Stratexio: accelerate your international development by sharing experience and building skills","og_url":"https:\/\/www.stratexio.net\/en\/news\/","og_site_name":"Stratexio","article_modified_time":"2025-01-30T14:52:49+00:00","og_image":[{"width":1261,"height":512,"url":"https:\/\/www.stratexio.net\/wp-content\/uploads\/2023\/02\/1-stratexio-Export-International-Formation-2.webp","type":"image\/webp"}],"twitter_card":"summary_large_image","twitter_site":"@stratexio_fr","twitter_misc":{"Est. reading time":"1 minute"},"schema":{"@context":"https:\/\/schema.org","@graph":[{"@type":"WebPage","@id":"https:\/\/www.stratexio.net\/en\/news\/","url":"https:\/\/www.stratexio.net\/en\/news\/","name":"Accelerate your international development","isPartOf":{"@id":"https:\/\/www.stratexio.fr\/#website"},"primaryImageOfPage":{"@id":"https:\/\/www.stratexio.net\/en\/news\/#primaryimage"},"image":{"@id":"https:\/\/www.stratexio.net\/en\/news\/#primaryimage"},"thumbnailUrl":"https:\/\/www.stratexio.net\/wp-content\/uploads\/2024\/12\/11062b_e2b580dab01e420aa08572ba02916d7fmv2_d_5580_4160_s_4_2.webp","datePublished":"2024-12-26T16:48:16+00:00","dateModified":"2025-01-30T14:52:49+00:00","description":"Stratexio: accelerate your international development by sharing experience and building skills","breadcrumb":{"@id":"https:\/\/www.stratexio.net\/en\/news\/#breadcrumb"},"inLanguage":"en-US","potentialAction":[{"@type":"ReadAction","target":["https:\/\/www.stratexio.net\/en\/news\/"]}]},{"@type":"ImageObject","inLanguage":"en-US","@id":"https:\/\/www.stratexio.net\/en\/news\/#primaryimage","url":"https:\/\/www.stratexio.net\/wp-content\/uploads\/2024\/12\/11062b_e2b580dab01e420aa08572ba02916d7fmv2_d_5580_4160_s_4_2.webp","contentUrl":"https:\/\/www.stratexio.net\/wp-content\/uploads\/2024\/12\/11062b_e2b580dab01e420aa08572ba02916d7fmv2_d_5580_4160_s_4_2.webp","width":980,"height":626,"caption":"actualit\u00e9s du commerce international"},{"@type":"BreadcrumbList","@id":"https:\/\/www.stratexio.net\/en\/news\/#breadcrumb","itemListElement":[{"@type":"ListItem","position":1,"name":"Accueil","item":"https:\/\/www.stratexio.net\/en\/newhomepage\/"},{"@type":"ListItem","position":2,"name":"News"}]},{"@type":"WebSite","@id":"https:\/\/www.stratexio.fr\/#website","url":"https:\/\/www.stratexio.fr\/","name":"Stratexio","description":"Programme d&#039;accompagnement strat\u00e9gique \u00e0 l&#039;international","publisher":{"@id":"https:\/\/www.stratexio.fr\/#organization"},"potentialAction":[{"@type":"SearchAction","target":{"@type":"EntryPoint","urlTemplate":"https:\/\/www.stratexio.fr\/?s={search_term_string}"},"query-input":{"@type":"PropertyValueSpecification","valueRequired":true,"valueName":"search_term_string"}}],"inLanguage":"en-US"},{"@type":"Organization","@id":"https:\/\/www.stratexio.fr\/#organization","name":"Stratexio","url":"https:\/\/www.stratexio.fr\/","logo":{"@type":"ImageObject","inLanguage":"en-US","@id":"https:\/\/www.stratexio.fr\/#\/schema\/logo\/image\/","url":"https:\/\/www.stratexio.net\/wp-content\/uploads\/2020\/09\/logo-Stratexio-1.png","contentUrl":"https:\/\/www.stratexio.net\/wp-content\/uploads\/2020\/09\/logo-Stratexio-1.png","width":5314,"height":1207,"caption":"Stratexio"},"image":{"@id":"https:\/\/www.stratexio.fr\/#\/schema\/logo\/image\/"},"sameAs":["https:\/\/x.com\/stratexio_fr","https:\/\/www.linkedin.com\/company\/stratexio\/","https:\/\/www.youtube.com\/channel\/UCsafJJDiwGkxYH2dag0FcVw"]}]}},"_links":{"self":[{"href":"https:\/\/www.stratexio.net\/en\/wp-json\/wp\/v2\/pages\/12583","targetHints":{"allow":["GET"]}}],"collection":[{"href":"https:\/\/www.stratexio.net\/en\/wp-json\/wp\/v2\/pages"}],"about":[{"href":"https:\/\/www.stratexio.net\/en\/wp-json\/wp\/v2\/types\/page"}],"author":[{"embeddable":true,"href":"https:\/\/www.stratexio.net\/en\/wp-json\/wp\/v2\/users\/1"}],"replies":[{"embeddable":true,"href":"https:\/\/www.stratexio.net\/en\/wp-json\/wp\/v2\/comments?post=12583"}],"version-history":[{"count":0,"href":"https:\/\/www.stratexio.net\/en\/wp-json\/wp\/v2\/pages\/12583\/revisions"}],"wp:featuredmedia":[{"embeddable":true,"href":"https:\/\/www.stratexio.net\/en\/wp-json\/wp\/v2\/media\/12427"}],"wp:attachment":[{"href":"https:\/\/www.stratexio.net\/en\/wp-json\/wp\/v2\/media?parent=12583"}],"curies":[{"name":"wp","href":"https:\/\/api.w.org\/{rel}","templated":true}]}}